{"id":100590,"date":"2024-08-27T13:45:09","date_gmt":"2024-08-27T18:45:09","guid":{"rendered":"https:\/\/kuskayaperu.com\/stores\/"},"modified":"2024-10-24T17:47:22","modified_gmt":"2024-10-24T22:47:22","slug":"stores","status":"publish","type":"page","link":"https:\/\/kuskayaperu.com\/en\/stores\/","title":{"rendered":"Stores"},"content":{"rendered":"<div class=\"wpb-content-wrapper\"><section class=\"vc_row wpb_row vc_row-fluid  vc_custom_1724782599107    hongo_responsive_1724782599110\"><div class=\"wpb_column vc_column_container col-xs-mobile-fullwidth vc_col-sm-12\"><div class=\"vc_column-inner\"><div class=\"wpb_wrapper\"><div class=\"alt-font heading-style-3 heading-1 hongo-section-heading hongo_font_1724782678966\">IN LIMA, PERU<\/div><\/div><\/div><\/div><\/section><section data-vc-full-width=\"true\" data-vc-full-width-init=\"false\" class=\"vc_row wpb_row vc_row-fluid  vc_custom_1724346255704   wow fadeIn hongo-stretch-content hongo-stretch-row-container  hongo_responsive_1724346255707\"><div class=\"wpb_column vc_column_container col-xs-mobile-fullwidth vc_col-sm-4\"><div class=\"vc_column-inner  hongo_responsive_1724784950799\"><div class=\"wpb_wrapper\"><div class=\"wpb_single_image vc_align_center  vc_custom_1726010643356 hongo-full-width-single-image\">\n\t\t\t<figure class=\"wpb_wrapper vc_figure\">\n\t\t\t\t<div class=\"vc_single_image-wrapper  \"><img loading=\"lazy\" decoding=\"async\" width=\"390\" height=\"391\" src=\"https:\/\/kuskayaperu.com\/wp-content\/uploads\/2024\/09\/dedalo_store.png\" class=\"vc_single_image-img attachment-full\" alt=\"\" title=\"dedalo_store\" srcset=\"https:\/\/kuskayaperu.com\/wp-content\/uploads\/2024\/09\/dedalo_store.png 390w, https:\/\/kuskayaperu.com\/wp-content\/uploads\/2024\/09\/dedalo_store-300x300.png 300w, https:\/\/kuskayaperu.com\/wp-content\/uploads\/2024\/09\/dedalo_store-150x150.png 150w, https:\/\/kuskayaperu.com\/wp-content\/uploads\/2024\/09\/dedalo_store-64x64.png 64w, https:\/\/kuskayaperu.com\/wp-content\/uploads\/2024\/09\/dedalo_store-84x84.png 84w, https:\/\/kuskayaperu.com\/wp-content\/uploads\/2024\/09\/dedalo_store-200x201.png 200w, https:\/\/kuskayaperu.com\/wp-content\/uploads\/2024\/09\/dedalo_store-360x361.png 360w, https:\/\/kuskayaperu.com\/wp-content\/uploads\/2024\/09\/dedalo_store-100x100.png 100w\" sizes=\"auto, (max-width: 390px) 100vw, 390px\" \/><\/div>\n\t\t\t<\/figure>\n\t\t\t\n\t\t<\/div><div class=\"text-block-content hongo-text-block-1 vc_custom_1724784412795 last-paragraph-no-margin\"><h3 style=\"text-align: center;\">D\u00c9DALO<\/h3>\n<p style=\"text-align: center;\">Paseo S\u00e1enz Pe\u00f1a 295, Barranco<br \/>\nTelephone: (+511) 652 5400<br \/>\nMonday thru Saturday: 10 am &#8211; 8 pm<br \/>\nSunday and holidays: 11 am &#8211; 7 pm<\/p>\n<\/div><\/div><\/div><\/div><div class=\"wpb_column vc_column_container col-xs-mobile-fullwidth vc_col-sm-4\"><div class=\"vc_column-inner  hongo_responsive_1724784962457\"><div class=\"wpb_wrapper\"><div class=\"wpb_single_image vc_align_center  vc_custom_1724784220707 hongo-full-width-single-image\">\n\t\t\t<figure class=\"wpb_wrapper vc_figure\">\n\t\t\t\t<div class=\"vc_single_image-wrapper  \"><img loading=\"lazy\" decoding=\"async\" width=\"391\" height=\"391\" src=\"https:\/\/kuskayaperu.com\/wp-content\/uploads\/2024\/08\/indigo_img.png\" class=\"vc_single_image-img attachment-full\" alt=\"\" title=\"indigo_img\" srcset=\"https:\/\/kuskayaperu.com\/wp-content\/uploads\/2024\/08\/indigo_img.png 391w, https:\/\/kuskayaperu.com\/wp-content\/uploads\/2024\/08\/indigo_img-300x300.png 300w, https:\/\/kuskayaperu.com\/wp-content\/uploads\/2024\/08\/indigo_img-150x150.png 150w, https:\/\/kuskayaperu.com\/wp-content\/uploads\/2024\/08\/indigo_img-64x64.png 64w, https:\/\/kuskayaperu.com\/wp-content\/uploads\/2024\/08\/indigo_img-84x84.png 84w, https:\/\/kuskayaperu.com\/wp-content\/uploads\/2024\/08\/indigo_img-200x200.png 200w, https:\/\/kuskayaperu.com\/wp-content\/uploads\/2024\/08\/indigo_img-360x360.png 360w, https:\/\/kuskayaperu.com\/wp-content\/uploads\/2024\/08\/indigo_img-100x100.png 100w\" sizes=\"auto, (max-width: 391px) 100vw, 391px\" \/><\/div>\n\t\t\t<\/figure>\n\t\t\t\n\t\t<\/div><div class=\"text-block-content hongo-text-block-2 vc_custom_1724784419174 last-paragraph-no-margin\"><h3 style=\"text-align: center;\">INDIGO<\/h3>\n<p style=\"text-align: center;\">Avenida El Bosque 260, San Isidro<br \/>\nTelephone: (+511) 440 3099<br \/>\nMonday thru Saturday: 11 am &#8211; 8 pm<br \/>\nSunday and holidays: 11 am &#8211; 7 pm<\/p>\n<\/div><\/div><\/div><\/div><div class=\"wpb_column vc_column_container col-xs-mobile-fullwidth vc_col-sm-4\"><div class=\"vc_column-inner\"><div class=\"wpb_wrapper\"><div class=\"wpb_single_image vc_align_center  vc_custom_1724784236636 hongo-full-width-single-image\">\n\t\t\t<figure class=\"wpb_wrapper vc_figure\">\n\t\t\t\t<div class=\"vc_single_image-wrapper  \"><img loading=\"lazy\" decoding=\"async\" width=\"391\" height=\"391\" src=\"https:\/\/kuskayaperu.com\/wp-content\/uploads\/2024\/08\/larco_img.png\" class=\"vc_single_image-img attachment-full\" alt=\"\" title=\"larco_img\" srcset=\"https:\/\/kuskayaperu.com\/wp-content\/uploads\/2024\/08\/larco_img.png 391w, https:\/\/kuskayaperu.com\/wp-content\/uploads\/2024\/08\/larco_img-300x300.png 300w, https:\/\/kuskayaperu.com\/wp-content\/uploads\/2024\/08\/larco_img-150x150.png 150w, https:\/\/kuskayaperu.com\/wp-content\/uploads\/2024\/08\/larco_img-64x64.png 64w, https:\/\/kuskayaperu.com\/wp-content\/uploads\/2024\/08\/larco_img-84x84.png 84w, https:\/\/kuskayaperu.com\/wp-content\/uploads\/2024\/08\/larco_img-200x200.png 200w, https:\/\/kuskayaperu.com\/wp-content\/uploads\/2024\/08\/larco_img-360x360.png 360w, https:\/\/kuskayaperu.com\/wp-content\/uploads\/2024\/08\/larco_img-100x100.png 100w\" sizes=\"auto, (max-width: 391px) 100vw, 391px\" \/><\/div>\n\t\t\t<\/figure>\n\t\t\t\n\t\t<\/div><div class=\"text-block-content hongo-text-block-3 vc_custom_1724784425257 last-paragraph-no-margin\"><h3 style=\"text-align: center;\">BOUTIQUE DEL MUESO LARCO<\/h3>\n<p style=\"text-align: center;\">Av. Bol\u00edvar 1515, Pueblo Libre<br \/>\nTelephone: (+511) 461 1312 Anexo 218<br \/>\nMonday thru Sunday: 9 am &#8211; 10 pm<\/p>\n<\/div><\/div><\/div><\/div><\/section><div class=\"vc_row-full-width vc_clearfix\"><\/div><section class=\"vc_row wpb_row vc_row-fluid  vc_custom_1724782599107    hongo_responsive_1724782599110\"><div class=\"wpb_column vc_column_container col-xs-mobile-fullwidth vc_col-sm-12\"><div class=\"vc_column-inner\"><div class=\"wpb_wrapper\"><div class=\"alt-font heading-style-3 heading-2 hongo-section-heading hongo_font_1724784476082\">IN THE U.S.<\/div><\/div><\/div><\/div><\/section><section data-vc-full-width=\"true\" data-vc-full-width-init=\"false\" class=\"vc_row wpb_row vc_row-fluid  vc_custom_1724784622396   wow fadeIn hongo-stretch-content hongo-stretch-row-container  hongo_responsive_1724784622398\"><div class=\"wpb_column vc_column_container col-xs-mobile-fullwidth vc_col-sm-4\"><div class=\"vc_column-inner  hongo_responsive_1724785147772\"><div class=\"wpb_wrapper\"><div class=\"wpb_single_image vc_align_center  vc_custom_1726010672963 hongo-full-width-single-image\">\n\t\t\t<figure class=\"wpb_wrapper vc_figure\">\n\t\t\t\t<div class=\"vc_single_image-wrapper  \"><img loading=\"lazy\" decoding=\"async\" width=\"390\" height=\"391\" src=\"https:\/\/kuskayaperu.com\/wp-content\/uploads\/2024\/09\/qinti_blue.png\" class=\"vc_single_image-img attachment-full\" alt=\"\" title=\"qinti_blue\" srcset=\"https:\/\/kuskayaperu.com\/wp-content\/uploads\/2024\/09\/qinti_blue.png 390w, https:\/\/kuskayaperu.com\/wp-content\/uploads\/2024\/09\/qinti_blue-300x300.png 300w, https:\/\/kuskayaperu.com\/wp-content\/uploads\/2024\/09\/qinti_blue-150x150.png 150w, https:\/\/kuskayaperu.com\/wp-content\/uploads\/2024\/09\/qinti_blue-64x64.png 64w, https:\/\/kuskayaperu.com\/wp-content\/uploads\/2024\/09\/qinti_blue-84x84.png 84w, https:\/\/kuskayaperu.com\/wp-content\/uploads\/2024\/09\/qinti_blue-200x201.png 200w, https:\/\/kuskayaperu.com\/wp-content\/uploads\/2024\/09\/qinti_blue-360x361.png 360w, https:\/\/kuskayaperu.com\/wp-content\/uploads\/2024\/09\/qinti_blue-100x100.png 100w\" sizes=\"auto, (max-width: 390px) 100vw, 390px\" \/><\/div>\n\t\t\t<\/figure>\n\t\t\t\n\t\t<\/div><div class=\"text-block-content hongo-text-block-4 vc_custom_1724784536683 last-paragraph-no-margin\"><h3 style=\"text-align: center;\">QINTI<br \/>\nThe Peruvian Shop, Blue Ridge<\/h3>\n<p style=\"text-align: center;\">531 E Main St.,<br \/>\nBlue Ridge, GA 30513<br \/>\nTelephone: (+1) 706 946 8889<br \/>\nMonday thru Saturday: 11 am &#8211; 5 pm<br \/>\nSunday: 1 pm &#8211; 4 pm<\/p>\n<\/div><\/div><\/div><\/div><div class=\"wpb_column vc_column_container col-xs-mobile-fullwidth vc_col-sm-4\"><div class=\"vc_column-inner  hongo_responsive_1724785157534\"><div class=\"wpb_wrapper\"><div class=\"wpb_single_image vc_align_center  vc_custom_1726010685150 hongo-full-width-single-image\">\n\t\t\t<figure class=\"wpb_wrapper vc_figure\">\n\t\t\t\t<div class=\"vc_single_image-wrapper  \"><img loading=\"lazy\" decoding=\"async\" width=\"391\" height=\"391\" src=\"https:\/\/kuskayaperu.com\/wp-content\/uploads\/2024\/09\/qinti_denver.png\" class=\"vc_single_image-img attachment-full\" alt=\"\" title=\"qinti_denver\" srcset=\"https:\/\/kuskayaperu.com\/wp-content\/uploads\/2024\/09\/qinti_denver.png 391w, https:\/\/kuskayaperu.com\/wp-content\/uploads\/2024\/09\/qinti_denver-300x300.png 300w, https:\/\/kuskayaperu.com\/wp-content\/uploads\/2024\/09\/qinti_denver-150x150.png 150w, https:\/\/kuskayaperu.com\/wp-content\/uploads\/2024\/09\/qinti_denver-64x64.png 64w, https:\/\/kuskayaperu.com\/wp-content\/uploads\/2024\/09\/qinti_denver-84x84.png 84w, https:\/\/kuskayaperu.com\/wp-content\/uploads\/2024\/09\/qinti_denver-200x200.png 200w, https:\/\/kuskayaperu.com\/wp-content\/uploads\/2024\/09\/qinti_denver-360x360.png 360w, https:\/\/kuskayaperu.com\/wp-content\/uploads\/2024\/09\/qinti_denver-100x100.png 100w\" sizes=\"auto, (max-width: 391px) 100vw, 391px\" \/><\/div>\n\t\t\t<\/figure>\n\t\t\t\n\t\t<\/div><div class=\"text-block-content hongo-text-block-5 vc_custom_1724784563813 last-paragraph-no-margin\"><h3 style=\"text-align: center;\">QINTI<br \/>\nThe Peruvian Shop, Denver<\/h3>\n<p style=\"text-align: center;\">1426 Larimer St.,<br \/>\nDenver, CO 80202<br \/>\nTelephone: (+1) 720 728 5930<br \/>\nMonday thru Saturday: 10 am &#8211; 7 pm<br \/>\nSunday: 11 am &#8211; 5 pm<\/p>\n<\/div><\/div><\/div><\/div><div class=\"wpb_column vc_column_container col-xs-mobile-fullwidth vc_col-sm-4\"><div class=\"vc_column-inner\"><div class=\"wpb_wrapper\"><div class=\"wpb_single_image vc_align_center  vc_custom_1726010699856 hongo-full-width-single-image\">\n\t\t\t<figure class=\"wpb_wrapper vc_figure\">\n\t\t\t\t<div class=\"vc_single_image-wrapper  \"><img loading=\"lazy\" decoding=\"async\" width=\"391\" height=\"391\" src=\"https:\/\/kuskayaperu.com\/wp-content\/uploads\/2024\/09\/qinti_creek.png\" class=\"vc_single_image-img attachment-full\" alt=\"\" title=\"qinti_creek\" srcset=\"https:\/\/kuskayaperu.com\/wp-content\/uploads\/2024\/09\/qinti_creek.png 391w, https:\/\/kuskayaperu.com\/wp-content\/uploads\/2024\/09\/qinti_creek-300x300.png 300w, https:\/\/kuskayaperu.com\/wp-content\/uploads\/2024\/09\/qinti_creek-150x150.png 150w, https:\/\/kuskayaperu.com\/wp-content\/uploads\/2024\/09\/qinti_creek-64x64.png 64w, https:\/\/kuskayaperu.com\/wp-content\/uploads\/2024\/09\/qinti_creek-84x84.png 84w, https:\/\/kuskayaperu.com\/wp-content\/uploads\/2024\/09\/qinti_creek-200x200.png 200w, https:\/\/kuskayaperu.com\/wp-content\/uploads\/2024\/09\/qinti_creek-360x360.png 360w, https:\/\/kuskayaperu.com\/wp-content\/uploads\/2024\/09\/qinti_creek-100x100.png 100w\" sizes=\"auto, (max-width: 391px) 100vw, 391px\" \/><\/div>\n\t\t\t<\/figure>\n\t\t\t\n\t\t<\/div><div class=\"text-block-content hongo-text-block-6 vc_custom_1724784589921 last-paragraph-no-margin\"><h3 style=\"text-align: center;\">QINTI<br \/>\nThe Peruvian Shop, Beaver Creek<\/h3>\n<p style=\"text-align: center;\">Park Hyatt Hotel, Ice Rink Level<br \/>\nBeaver Creek, CO 81620<br \/>\nTelephone: (+1) 720 877 8887<br \/>\nMonday thru Saturday: 10 am &#8211; 6 pm<br \/>\nSunday: 11 am &#8211; 5 pm<\/p>\n<\/div><\/div><\/div><\/div><\/section><div class=\"vc_row-full-width vc_clearfix\"><\/div>\n<\/div>","protected":false},"excerpt":{"rendered":"IN LIMA, PERU D\u00c9DALO Paseo S\u00e1enz Pe\u00f1a 295, Barranco Telephone: (+511) 652 5400 Monday thru Saturday: 10 am - 8 pm Sunday and holidays: 11 am - 7 pm INDIGO Avenida El Bosque 260, San Isidro Telephone: (+511) 440 3099 Monday thru Saturday: 11 am - 8 pm Sunday and holidays: 11 am - 7 pm BOUTIQUE DEL MUESO LARCO Av. Bol\u00edvar 1515, Pueblo Libre Telephone: (+511) 461 1312 Anexo 218 Monday thru Sunday: 9 am - 10 pm IN THE U.S. QINTI The Peruvian Shop, Blue Ridge 531 E Main St., Blue Ridge, GA 30513 Telephone: (+1) 706 946 8889 Monday thru Saturday: 11 am - 5 pm Sunday: 1 pm - 4 pm QINTI The Peruvian Shop, Denver 1426 Larimer St., Denver, CO 80202 Telephone: (+1) 720 728 5930 Monday thru Saturday: 10 am - 7 pm Sunday: 11 am - 5 pm QINTI The Peruvian Shop, Beaver Creek Park Hyatt Hotel, Ice Rink Level Beaver Creek, CO 81620 Telephone: (+1) 720 877 8887 Monday thru Saturday: 10 am - 6 pm Sunday: 11 am - 5 pm","protected":false},"author":1,"featured_media":0,"parent":0,"menu_order":0,"comment_status":"closed","ping_status":"closed","template":"","meta":{"footnotes":""},"class_list":["post-100590","page","type-page","status-publish","hentry","grid-item-1-1"],"_links":{"self":[{"href":"https:\/\/kuskayaperu.com\/en\/wp-json\/wp\/v2\/pages\/100590","targetHints":{"allow":["GET"]}}],"collection":[{"href":"https:\/\/kuskayaperu.com\/en\/wp-json\/wp\/v2\/pages"}],"about":[{"href":"https:\/\/kuskayaperu.com\/en\/wp-json\/wp\/v2\/types\/page"}],"author":[{"embeddable":true,"href":"https:\/\/kuskayaperu.com\/en\/wp-json\/wp\/v2\/users\/1"}],"replies":[{"embeddable":true,"href":"https:\/\/kuskayaperu.com\/en\/wp-json\/wp\/v2\/comments?post=100590"}],"version-history":[{"count":3,"href":"https:\/\/kuskayaperu.com\/en\/wp-json\/wp\/v2\/pages\/100590\/revisions"}],"predecessor-version":[{"id":100593,"href":"https:\/\/kuskayaperu.com\/en\/wp-json\/wp\/v2\/pages\/100590\/revisions\/100593"}],"wp:attachment":[{"href":"https:\/\/kuskayaperu.com\/en\/wp-json\/wp\/v2\/media?parent=100590"}],"curies":[{"name":"wp","href":"https:\/\/api.w.org\/{rel}","templated":true}]}}